{"id":11,"date":"2026-03-04T17:28:17","date_gmt":"2026-03-04T16:28:17","guid":{"rendered":"http:\/\/golfdecisionlab.com\/?page_id=11"},"modified":"2026-03-18T09:33:39","modified_gmt":"2026-03-18T08:33:39","slug":"accueil","status":"publish","type":"page","link":"https:\/\/golfdecisionlab.com\/en\/","title":{"rendered":"Home"},"content":{"rendered":"<div class=\"wp-block-cover alignfull\" style=\"border-top-left-radius:0px;border-top-right-radius:0px;border-bottom-left-radius:0px;border-bottom-right-radius:0px;margin-top:0;margin-bottom:0;padding-top:0;padding-right:0;padding-bottom:0;padding-left:0;min-height:100vh;aspect-ratio:unset;\"><img fetchpriority=\"high\" decoding=\"async\" width=\"1024\" height=\"683\" class=\"wp-block-cover__image-background wp-image-76 size-large\" alt=\"\" src=\"http:\/\/golfdecisionlab.com\/wp-content\/uploads\/2026\/03\/golfparcours2-1024x683.png\" style=\"object-position:52% 53%\" data-object-fit=\"cover\" data-object-position=\"52% 53%\" srcset=\"https:\/\/golfdecisionlab.com\/wp-content\/uploads\/2026\/03\/golfparcours2-1024x683.png 1024w, https:\/\/golfdecisionlab.com\/wp-content\/uploads\/2026\/03\/golfparcours2-300x200.png 300w, https:\/\/golfdecisionlab.com\/wp-content\/uploads\/2026\/03\/golfparcours2-768x512.png 768w, https:\/\/golfdecisionlab.com\/wp-content\/uploads\/2026\/03\/golfparcours2-1536x1024.png 1536w, https:\/\/golfdecisionlab.com\/wp-content\/uploads\/2026\/03\/golfparcours2.png 1920w\" sizes=\"(max-width: 1024px) 100vw, 1024px\" \/><span aria-hidden=\"true\" class=\"wp-block-cover__background has-background-dim-40 has-background-dim\" style=\"background-color:#7a7a7a\"><\/span><div class=\"wp-block-cover__inner-container is-layout-flow wp-block-cover-is-layout-flow\">\n<blockquote class=\"wp-block-quote has-text-align-center is-layout-flow wp-block-quote-is-layout-flow\">\n<p class=\"has-text-align-center has-ast-global-color-2-color has-text-color has-link-color wp-elements-cff78e71da59c9acbd1f41bd6adc4732\" style=\"font-size:36px;font-style:italic;font-weight:300;text-transform:none\">\u201cIf you do the same as the other golfers, you'll progress just like the others...\u201d<\/p>\n<\/blockquote>\n<\/div><\/div>\n\n\n\n<h1 class=\"wp-block-heading alignfull has-ast-global-color-2-color has-ast-global-color-0-background-color has-text-color has-background has-link-color wp-elements-1d53a0c567825119e4fd0e4092e22885\">Golf Decision Lab is a project dedicated to <strong>decision-making in golf<\/strong>, and understanding of the body and swing.<\/h1>\n\n\n\n<div class=\"wp-block-media-text is-stacked-on-mobile\"><figure class=\"wp-block-media-text__media\"><img decoding=\"async\" width=\"683\" height=\"1024\" src=\"http:\/\/golfdecisionlab.com\/wp-content\/uploads\/2026\/03\/livre-pensers-swinguer-683x1024.png\" alt=\"Livre &quot;Penser avant de swinguer \u2013 Tome 1&quot; de Laurent Agostini, ouvrage sur la strat\u00e9gie et la compr\u00e9hension du mouvement au golf.\" class=\"wp-image-205 size-full\" srcset=\"https:\/\/golfdecisionlab.com\/wp-content\/uploads\/2026\/03\/livre-pensers-swinguer-683x1024.png 683w, https:\/\/golfdecisionlab.com\/wp-content\/uploads\/2026\/03\/livre-pensers-swinguer-200x300.png 200w, https:\/\/golfdecisionlab.com\/wp-content\/uploads\/2026\/03\/livre-pensers-swinguer-768x1152.png 768w, https:\/\/golfdecisionlab.com\/wp-content\/uploads\/2026\/03\/livre-pensers-swinguer.png 1024w\" sizes=\"(max-width: 683px) 100vw, 683px\" \/><\/figure><div class=\"wp-block-media-text__content\">\n<h1 class=\"wp-block-heading\">The first volume in a new series of books on golf: \u00abThink before you swing\u00bb by the author of MyGolfMedia.com<\/h1>\n\n\n\n<div class=\"wp-block-buttons is-layout-flex wp-block-buttons-is-layout-flex\">\n<div class=\"wp-block-button\"><a class=\"wp-block-button__link wp-element-button\" href=\"https:\/\/www.amazon.fr\/dp\/B0GQVN8784\/ref=sr_1_1?__mk_fr_FR=%C3%85M%C3%85%C5%BD%C3%95%C3%91&amp;crid=26UM8DORX48JP&amp;dib=eyJ2IjoiMSJ9.d0EHlD5fbQYzH5SivfhvbA.WClrJyVEBu4gU1p95C8skUqD46KMo004IqQW9E_BK3A&amp;dib_tag=se&amp;keywords=penser+avant+de+swinguer&amp;qid=1772698786&amp;s=books&amp;sprefix=penser+avant+de+swingue%2Cstripbooks%2C228&amp;sr=1-1\" target=\"_blank\" rel=\"noreferrer noopener nofollow\">Order the book on Amazon<\/a><\/div>\n<\/div>\n\n\n\n<p><strong>Thinking before swinging: Understanding the body - Deciding better - Playing fairer.<\/strong><\/p>\n\n\n\n<p>In this first volume, Laurent Agostini brings together 18 chapters to help you understand what golf really requires: the body, movement, but above all the decisions each player makes on the course.<\/p>\n\n\n\n<p>This book also answers a simple question:<br><strong>what do i wish i'd known before taking up golf?<\/strong><\/p>\n\n\n\n<div class=\"wp-block-buttons is-layout-flex wp-block-buttons-is-layout-flex\">\n<div class=\"wp-block-button\"><a class=\"wp-block-button__link wp-element-button\" href=\"https:\/\/www.amazon.fr\/dp\/B0GQVN8784\/ref=sr_1_1?__mk_fr_FR=%C3%85M%C3%85%C5%BD%C3%95%C3%91&amp;crid=26UM8DORX48JP&amp;dib=eyJ2IjoiMSJ9.d0EHlD5fbQYzH5SivfhvbA.WClrJyVEBu4gU1p95C8skUqD46KMo004IqQW9E_BK3A&amp;dib_tag=se&amp;keywords=penser+avant+de+swinguer&amp;qid=1772698786&amp;s=books&amp;sprefix=penser+avant+de+swingue%2Cstripbooks%2C228&amp;sr=1-1\" target=\"_blank\" rel=\"noreferrer noopener nofollow\">Discover the Kindle format on Amazon<\/a><\/div>\n<\/div>\n<\/div><\/div>\n\n\n\n<h2 class=\"wp-block-heading alignwide has-ast-global-color-2-color has-ast-global-color-0-background-color has-text-color has-background has-link-color wp-elements-9db2fa219ea8d6879e3e4dc1f1c3c42a\">Why most golfers stagnate... Most golfers try to correct their swing. But golf is first and foremost a game of decisions: choice of shot, understanding of the body, management of the situation. Without a global understanding of movement and context, technical adjustments are often ineffective. With this new series of books, Golf Decision Lab offers a different approach...<\/h2>\n\n\n\n<div class=\"wp-block-columns alignwide has-ast-global-color-0-color has-ast-global-color-2-background-color has-text-color has-background has-link-color wp-elements-0d1bfe3a144e9dc8e5d3ad9f14165a8e is-layout-flex wp-container-core-columns-is-layout-28f84493 wp-block-columns-is-layout-flex\">\n<div class=\"wp-block-column is-layout-flow wp-block-column-is-layout-flow\">\n<h2 class=\"wp-block-heading has-text-align-center\"><strong>Understanding the body<\/strong><\/h2>\n\n\n\n<figure class=\"wp-block-image aligncenter size-full\"><img decoding=\"async\" width=\"395\" height=\"558\" src=\"http:\/\/golfdecisionlab.com\/wp-content\/uploads\/2026\/03\/think-before-your-swing-3.png\" alt=\"Golfeur en position de finish de swing illustrant le principe penser avant de swinguer\" class=\"wp-image-329\" srcset=\"https:\/\/golfdecisionlab.com\/wp-content\/uploads\/2026\/03\/think-before-your-swing-3.png 395w, https:\/\/golfdecisionlab.com\/wp-content\/uploads\/2026\/03\/think-before-your-swing-3-212x300.png 212w\" sizes=\"(max-width: 395px) 100vw, 395px\" \/><figcaption class=\"wp-element-caption\">The swing movement depends on the <br>body limits. Understanding these mechanisms<br>to build a more natural movement<br>and more efficient.<\/figcaption><\/figure>\n\n\n\n<p><\/p>\n<\/div>\n\n\n\n<div class=\"wp-block-column is-layout-flow wp-block-column-is-layout-flow\">\n<h2 class=\"wp-block-heading has-text-align-center\"><strong>Making better decisions<\/strong><\/h2>\n\n\n\n<figure class=\"wp-block-image aligncenter size-full\"><img loading=\"lazy\" decoding=\"async\" width=\"395\" height=\"559\" src=\"http:\/\/golfdecisionlab.com\/wp-content\/uploads\/2026\/03\/better-decision-golf-2.png\" alt=\"Golfeur r\u00e9fl\u00e9chissant avant de jouer un coup \u2013 d\u00e9cider mieux sur le parcours, concept du livre Penser avant de swinguer\" class=\"wp-image-332\" srcset=\"https:\/\/golfdecisionlab.com\/wp-content\/uploads\/2026\/03\/better-decision-golf-2.png 395w, https:\/\/golfdecisionlab.com\/wp-content\/uploads\/2026\/03\/better-decision-golf-2-212x300.png 212w\" sizes=\"(max-width: 395px) 100vw, 395px\" \/><figcaption class=\"wp-element-caption\">Every move is a decision.<br>Analyzing the situation and choosing the right option is the key to success. <br>often more decisive than modifying the technique.<\/figcaption><\/figure>\n\n\n\n<p><\/p>\n<\/div>\n\n\n\n<div class=\"wp-block-column is-layout-flow wp-block-column-is-layout-flow\">\n<h2 class=\"wp-block-heading has-text-align-center\"><strong>Playing fairer<\/strong><\/h2>\n\n\n\n<figure class=\"wp-block-image aligncenter size-full\"><img loading=\"lazy\" decoding=\"async\" width=\"398\" height=\"558\" src=\"http:\/\/golfdecisionlab.com\/wp-content\/uploads\/2026\/03\/PICTOS3.png\" alt=\"Illustration trajectoire balle de golf vers le drapeau \u2013 jouer plus juste gr\u00e2ce \u00e0 une meilleure d\u00e9cision sur le parcours\" class=\"wp-image-130\" srcset=\"https:\/\/golfdecisionlab.com\/wp-content\/uploads\/2026\/03\/PICTOS3.png 398w, https:\/\/golfdecisionlab.com\/wp-content\/uploads\/2026\/03\/PICTOS3-214x300.png 214w\" sizes=\"(max-width: 398px) 100vw, 398px\" \/><figcaption class=\"wp-element-caption\">A coherent game comes from a better understanding <br>movement and choices on the course.<\/figcaption><\/figure>\n\n\n\n<p><\/p>\n<\/div>\n<\/div>\n\n\n\n<p class=\"has-text-align-center has-ast-global-color-2-color has-ast-global-color-0-background-color has-text-color has-background has-link-color has-medium-font-size wp-elements-8b8d1c6144e89d8b362512120e7be96b\">3 principles for rethinking your game.<\/p>\n\n\n\n<div class=\"wp-block-media-text alignwide has-media-on-the-right is-stacked-on-mobile is-vertically-aligned-top\" style=\"grid-template-columns:auto 20%\"><div class=\"wp-block-media-text__content\">\n<h2 class=\"wp-block-heading alignfull has-text-align-center\">About the author<\/h2>\n\n\n\n<p class=\"has-text-align-left\">Laurent Agostini has been a golf journalist for over fifteen years. Founder of MyGolfMedia, he has interviewed numerous professional players, teachers and equipment experts. With Golf Decision Lab, he is developing a new series of books focused on understanding movement and decision-making.<\/p>\n\n\n\n<div class=\"wp-block-buttons is-content-justification-center is-layout-flex wp-container-core-buttons-is-layout-a89b3969 wp-block-buttons-is-layout-flex\">\n<div class=\"wp-block-button has-custom-width wp-block-button__width-50\"><a class=\"wp-block-button__link wp-element-button\" href=\"https:\/\/www.amazon.fr\/Penser-avant-swinguer-Comprendre-d%C3%A9cider-ebook\/dp\/B0GQVN8784\/ref=tmm_kin_swatch_0?_encoding=UTF8&amp;dib_tag=se&amp;dib=eyJ2IjoiMSJ9.d0EHlD5fbQYzH5SivfhvbA.WClrJyVEBu4gU1p95C8skUqD46KMo004IqQW9E_BK3A&amp;qid=1772816358&amp;sr=1-1\" target=\"_blank\" rel=\"noreferrer noopener nofollow\">Order the book on Amazon<\/a><\/div>\n<\/div>\n\n\n\n<!-- Begin Brevo Form -->\n<!-- START - We recommend to place the below code in head tag of your website html  -->\n<style>\n  @font-face {\n    font-display: block;\n    font-family: Roboto;\n    src: url(https:\/\/assets.brevo.com\/font\/Roboto\/Latin\/normal\/normal\/7529907e9eaf8ebb5220c5f9850e3811.woff2) format(\"woff2\"), url(https:\/\/assets.brevo.com\/font\/Roboto\/Latin\/normal\/normal\/25c678feafdc175a70922a116c9be3e7.woff) format(\"woff\")\n  }\n\n  @font-face {\n    font-display: fallback;\n    font-family: Roboto;\n    font-weight: 600;\n    src: url(https:\/\/assets.brevo.com\/font\/Roboto\/Latin\/medium\/normal\/6e9caeeafb1f3491be3e32744bc30440.woff2) format(\"woff2\"), url(https:\/\/assets.brevo.com\/font\/Roboto\/Latin\/medium\/normal\/71501f0d8d5aa95960f6475d5487d4c2.woff) format(\"woff\")\n  }\n\n  @font-face {\n    font-display: fallback;\n    font-family: Roboto;\n    font-weight: 700;\n    src: url(https:\/\/assets.brevo.com\/font\/Roboto\/Latin\/bold\/normal\/3ef7cf158f310cf752d5ad08cd0e7e60.woff2) format(\"woff2\"), url(https:\/\/assets.brevo.com\/font\/Roboto\/Latin\/bold\/normal\/ece3a1d82f18b60bcce0211725c476aa.woff) format(\"woff\")\n  }\n\n  #sib-container input:-ms-input-placeholder {\n    text-align: left;\n    font-family: Helvetica, sans-serif;\n    color: #c0ccda;\n  }\n\n  #sib-container input::placeholder {\n    text-align: left;\n    font-family: Helvetica, sans-serif;\n    color: #c0ccda;\n  }\n\n  #sib-container textarea::placeholder {\n    text-align: left;\n    font-family: Helvetica, sans-serif;\n    color: #c0ccda;\n  }\n\n  #sib-container a {\n    text-decoration: underline;\n    color: #2BB2FC;\n  }\n<\/style>\n<link rel=\"stylesheet\" href=\"https:\/\/sibforms.com\/forms\/end-form\/build\/sib-styles.css\">\n<!--  END - We recommend to place the above code in head tag of your website html -->\n\n<!-- START - We recommend to place the below code where you want the form in your website html  -->\n<div class=\"sib-form\" style=\"text-align: center;         background-color: #EFF2F7;                                 \">\n  <div id=\"sib-form-container\" class=\"sib-form-container\">\n    <div id=\"error-message\" class=\"sib-form-message-panel\" style=\"font-size:16px; text-align:left; font-family:Helvetica, sans-serif; color:#661d1d; background-color:#ffeded; border-radius:3px; border-color:#ff4949;max-width:540px;\">\n      <div class=\"sib-form-message-panel__text sib-form-message-panel__text--center\">\n        <svg viewbox=\"0 0 512 512\" class=\"sib-icon sib-notification__icon\">\n          <path d=\"M256 40c118.621 0 216 96.075 216 216 0 119.291-96.61 216-216 216-119.244 0-216-96.562-216-216 0-119.203 96.602-216 216-216m0-32C119.043 8 8 119.083 8 256c0 136.997 111.043 248 248 248s248-111.003 248-248C504 119.083 392.957 8 256 8zm-11.49 120h22.979c6.823 0 12.274 5.682 11.99 12.5l-7 168c-.268 6.428-5.556 11.5-11.99 11.5h-8.979c-6.433 0-11.722-5.073-11.99-11.5l-7-168c-.283-6.818 5.167-12.5 11.99-12.5zM256 340c-15.464 0-28 12.536-28 28s12.536 28 28 28 28-12.536 28-28-12.536-28-28-28z\" \/>\n        <\/svg>\n        <span class=\"sib-form-message-panel__inner-text\">\n                          We have been unable to confirm your registration.\n                      <\/span>\n      <\/div>\n    <\/div>\n    <div><\/div>\n    <div id=\"success-message\" class=\"sib-form-message-panel\" style=\"font-size:16px; text-align:left; font-family:Helvetica, sans-serif; color:#085229; background-color:#e7faf0; border-radius:3px; border-color:#13ce66;max-width:540px;\">\n      <div class=\"sib-form-message-panel__text sib-form-message-panel__text--center\">\n        <svg viewbox=\"0 0 512 512\" class=\"sib-icon sib-notification__icon\">\n          <path d=\"M256 8C119.033 8 8 119.033 8 256s111.033 248 248 248 248-111.033 248-248S392.967 8 256 8zm0 464c-118.664 0-216-96.055-216-216 0-118.663 96.055-216 216-216 118.664 0 216 96.055 216 216 0 118.663-96.055 216-216 216zm141.63-274.961L217.15 376.071c-4.705 4.667-12.303 4.637-16.97-.068l-85.878-86.572c-4.667-4.705-4.637-12.303.068-16.97l8.52-8.451c4.705-4.667 12.303-4.637 16.97.068l68.976 69.533 163.441-162.13c4.705-4.667 12.303-4.637 16.97.068l8.451 8.52c4.668 4.705 4.637 12.303-.068 16.97z\" \/>\n        <\/svg>\n        <span class=\"sib-form-message-panel__inner-text\">\n                          Your registration is confirmed.\n                      <\/span>\n      <\/div>\n    <\/div>\n    <div><\/div>\n    <div id=\"sib-container\" class=\"sib-container--large sib-container--vertical\" style=\"text-align:center; background-color:rgba(255,255,255,1); max-width:540px; border-radius:3px; border-width:1px; border-color:#C0CCD9; border-style:solid; direction:ltr\">\n      <form id=\"sib-form\" method=\"POST\" action=\"https:\/\/ea0c16b4.sibforms.com\/serve\/MUIFAMgGiTOQwxs-GTNeEKJT_HvycOOL6SUUXNN6_1anDqWS3caxxC4cboYEIdDu_FgWXRfTDz4lyDByEs-mtQSQJTkPW_eqZUtQH38KdMiuK9QYY9kE4FpURte1GwTzjrs-0rSkuderQmnKo4RLCzaoU30y5m3shJxx36jiQN6ECeOIDWc549s6aW8Q1AoZbJgDqVU3tM_w9Q6xAg==\" data-type=\"subscription\">\n        <div style=\"padding: 8px 0;\">\n          <div class=\"sib-form-block\" style=\"font-size:16px; text-align:left; font-family:Helvetica, sans-serif; color:#3C4858; background-color:transparent; text-align:left\">\n            <div class=\"sib-text-form-block\">\n              <p>Subscribe to our newsletter to receive information on upcoming issues (max. 4 per year).<\/p>\n            <\/div>\n          <\/div>\n        <\/div>\n        <div style=\"padding: 8px 0;\">\n          <div class=\"sib-input sib-form-block\">\n            <div class=\"form__entry entry_block\">\n              <div class=\"form__label-row\">\n                <label class=\"entry__label\" style=\"font-weight: 700; text-align:left; font-size:16px; text-align:left; font-weight:700; font-family:Helvetica, sans-serif; color:#3c4858;\" for=\"EMAIL\" data-required=\"*\">Please enter your email address to register<\/label>\n\n                <div class=\"entry__field\">\n                  <input class=\"input\" type=\"text\" id=\"EMAIL\" name=\"EMAIL\" autocomplete=\"off\" placeholder=\"EMAIL\" data-required=\"true\" required \/>\n                <\/div>\n              <\/div>\n\n              <label class=\"entry__error entry__error--primary\" style=\"font-size:16px; text-align:left; font-family:Helvetica, sans-serif; color:#661d1d; background-color:#ffeded; border-radius:3px; border-color:#ff4949;\">\n              <\/label>\n            <\/div>\n          <\/div>\n        <\/div>\n        <div style=\"padding: 8px 0;\">\n          <div class=\"sib-form-block\" style=\"text-align: left\">\n            <button class=\"sib-form-block__button sib-form-block__button-with-loader\" style=\"font-size:16px; text-align:left; font-weight:700; font-family:Helvetica, sans-serif; color:#FFFFFF; background-color:#3E4857; border-radius:3px; border-width:0px;\" form=\"sib-form\" type=\"submit\">\n              <svg class=\"icon clickable__icon progress-indicator__icon sib-hide-loader-icon\" viewbox=\"0 0 512 512\" style=\"\">\n                <path d=\"M460.116 373.846l-20.823-12.022c-5.541-3.199-7.54-10.159-4.663-15.874 30.137-59.886 28.343-131.652-5.386-189.946-33.641-58.394-94.896-95.833-161.827-99.676C261.028 55.961 256 50.751 256 44.352V20.309c0-6.904 5.808-12.337 12.703-11.982 83.556 4.306 160.163 50.864 202.11 123.677 42.063 72.696 44.079 162.316 6.031 236.832-3.14 6.148-10.75 8.461-16.728 5.01z\" \/>\n              <\/svg>\n              REGISTER\n            <\/button>\n          <\/div>\n        <\/div>\n\n        <input type=\"text\" name=\"email_address_check\" value=\"\" class=\"input--hidden\">\n        <input type=\"hidden\" name=\"locale\" value=\"fr\">\n      <\/form>\n    <\/div>\n  <\/div>\n<\/div>\n<!-- END - We recommend to place the above code where you want the form in your website html  -->\n\n<!-- START - We recommend to place the below code in footer or bottom of your website html  -->\n<script>\n  window.REQUIRED_CODE_ERROR_MESSAGE = 'Veuillez choisir un code pays';\n  window.LOCALE = 'fr';\n  window.EMAIL_INVALID_MESSAGE = window.SMS_INVALID_MESSAGE = \"Les informations que vous avez fournies ne sont pas valides. Veuillez v\u00e9rifier le format du champ et r\u00e9essayer.\";\n\n  window.REQUIRED_ERROR_MESSAGE = \"Vous devez renseigner ce champ. \";\n\n  window.GENERIC_INVALID_MESSAGE = \"Les informations que vous avez fournies ne sont pas valides. Veuillez v\u00e9rifier le format du champ et r\u00e9essayer.\";\n\n\n\n\n  window.translation = {\n    common: {\n      selectedList: '{quantity} liste s\u00e9lectionn\u00e9e',\n      selectedLists: '{quantity} listes s\u00e9lectionn\u00e9es',\n      selectedOption: '{quantity} s\u00e9lectionn\u00e9',\n      selectedOptions: '{quantity} s\u00e9lectionn\u00e9s',\n    }\n  };\n\n  var AUTOHIDE = Boolean(0);\n<\/script>\n\n<script defer src=\"https:\/\/sibforms.com\/forms\/end-form\/build\/main.js\"><\/script>\n\n\n<!-- END - We recommend to place the above code in footer or bottom of your website html  -->\n<!-- End Brevo Form -->\n\n\n\n<div class=\"wp-block-buttons is-content-justification-center is-layout-flex wp-container-core-buttons-is-layout-a89b3969 wp-block-buttons-is-layout-flex\"><\/div>\n<\/div><figure class=\"wp-block-media-text__media\"><img loading=\"lazy\" decoding=\"async\" width=\"768\" height=\"1024\" src=\"http:\/\/golfdecisionlab.com\/wp-content\/uploads\/2026\/03\/IMG_8794-768x1024.jpg\" alt=\"\" class=\"wp-image-88 size-full\" srcset=\"https:\/\/golfdecisionlab.com\/wp-content\/uploads\/2026\/03\/IMG_8794-768x1024.jpg 768w, https:\/\/golfdecisionlab.com\/wp-content\/uploads\/2026\/03\/IMG_8794-225x300.jpg 225w, https:\/\/golfdecisionlab.com\/wp-content\/uploads\/2026\/03\/IMG_8794-1152x1536.jpg 1152w, https:\/\/golfdecisionlab.com\/wp-content\/uploads\/2026\/03\/IMG_8794-1536x2048.jpg 1536w, https:\/\/golfdecisionlab.com\/wp-content\/uploads\/2026\/03\/IMG_8794-scaled.jpg 1920w\" sizes=\"(max-width: 768px) 100vw, 768px\" \/><\/figure><\/div>\n\n\n\n<blockquote class=\"wp-block-quote alignfull has-text-align-center is-layout-flow wp-block-quote-is-layout-flow\">\n<h2 class=\"wp-block-heading alignfull has-ast-global-color-2-color has-ast-global-color-0-background-color has-text-color has-background has-link-color wp-elements-4dd78bae509110a77e59f6837c254422\">\u00abMake you win strokes without selling you a new driver\u00bb.\u00bb<\/h2>\n<\/blockquote>","protected":false},"excerpt":{"rendered":"<p>Golf Decision Lab est un projet consacr\u00e9 \u00e0 la prise de d\u00e9cision au golf, \u00e0 la strat\u00e9gie de jeu et [&hellip;]<\/p>\n","protected":false},"author":1,"featured_media":0,"parent":0,"menu_order":0,"comment_status":"closed","ping_status":"closed","template":"","meta":{"site-sidebar-layout":"no-sidebar","site-content-layout":"plain-container","ast-site-content-layout":"default","site-content-style":"default","site-sidebar-style":"default","ast-global-header-display":"","ast-banner-title-visibility":"","ast-main-header-display":"","ast-hfb-above-header-display":"","ast-hfb-below-header-display":"","ast-hfb-mobile-header-display":"","site-post-title":"disabled","ast-breadcrumbs-content":"","ast-featured-img":"disabled","footer-sml-layout":"","ast-disable-related-posts":"","theme-transparent-header-meta":"enabled","adv-header-id-meta":"","stick-header-meta":"","header-above-stick-meta":"","header-main-stick-meta":"","header-below-stick-meta":"","astra-migrate-meta-layouts":"default","ast-page-background-enabled":"default","ast-page-background-meta":{"desktop":{"background-color":"var(--ast-global-color-5)","background-image":"","background-repeat":"repeat","background-position":"center center","background-size":"auto","background-attachment":"scroll","background-type":"","background-media":"","overlay-type":"","overlay-color":"","overlay-opacity":"","overlay-gradient":""},"tablet":{"background-color":"","background-image":"","background-repeat":"repeat","background-position":"center center","background-size":"auto","background-attachment":"scroll","background-type":"","background-media":"","overlay-type":"","overlay-color":"","overlay-opacity":"","overlay-gradient":""},"mobile":{"background-color":"","background-image":"","background-repeat":"repeat","background-position":"center center","background-size":"auto","background-attachment":"scroll","background-type":"","background-media":"","overlay-type":"","overlay-color":"","overlay-opacity":"","overlay-gradient":""}},"ast-content-background-meta":{"desktop":{"background-color":"var(--ast-global-color-4)","background-image":"","background-repeat":"repeat","background-position":"center center","background-size":"auto","background-attachment":"scroll","background-type":"","background-media":"","overlay-type":"","overlay-color":"","overlay-opacity":"","overlay-gradient":""},"tablet":{"background-color":"var(--ast-global-color-4)","background-image":"","background-repeat":"repeat","background-position":"center center","background-size":"auto","background-attachment":"scroll","background-type":"","background-media":"","overlay-type":"","overlay-color":"","overlay-opacity":"","overlay-gradient":""},"mobile":{"background-color":"var(--ast-global-color-4)","background-image":"","background-repeat":"repeat","background-position":"center center","background-size":"auto","background-attachment":"scroll","background-type":"","background-media":"","overlay-type":"","overlay-color":"","overlay-opacity":"","overlay-gradient":""}},"footnotes":""},"class_list":["post-11","page","type-page","status-publish","hentry"],"_links":{"self":[{"href":"https:\/\/golfdecisionlab.com\/en\/wp-json\/wp\/v2\/pages\/11","targetHints":{"allow":["GET"]}}],"collection":[{"href":"https:\/\/golfdecisionlab.com\/en\/wp-json\/wp\/v2\/pages"}],"about":[{"href":"https:\/\/golfdecisionlab.com\/en\/wp-json\/wp\/v2\/types\/page"}],"author":[{"embeddable":true,"href":"https:\/\/golfdecisionlab.com\/en\/wp-json\/wp\/v2\/users\/1"}],"replies":[{"embeddable":true,"href":"https:\/\/golfdecisionlab.com\/en\/wp-json\/wp\/v2\/comments?post=11"}],"version-history":[{"count":86,"href":"https:\/\/golfdecisionlab.com\/en\/wp-json\/wp\/v2\/pages\/11\/revisions"}],"predecessor-version":[{"id":350,"href":"https:\/\/golfdecisionlab.com\/en\/wp-json\/wp\/v2\/pages\/11\/revisions\/350"}],"wp:attachment":[{"href":"https:\/\/golfdecisionlab.com\/en\/wp-json\/wp\/v2\/media?parent=11"}],"curies":[{"name":"wp","href":"https:\/\/api.w.org\/{rel}","templated":true}]}}