{"id":362,"date":"2026-03-29T17:28:20","date_gmt":"2026-03-29T16:28:20","guid":{"rendered":"https:\/\/golfdecisionlab.com\/?page_id=362"},"modified":"2026-03-31T10:48:41","modified_gmt":"2026-03-31T09:48:41","slug":"commander-le-livre-pour-votre-golf","status":"publish","type":"page","link":"http:\/\/golfdecisionlab.com\/en\/commander-le-livre-pour-votre-golf\/","title":{"rendered":"Commander le livre pour votre golf"},"content":{"rendered":"<div class=\"wp-block-cover alignfull is-light wp-duotone-dark-grayscale\"><img fetchpriority=\"high\" decoding=\"async\" width=\"1254\" height=\"836\" class=\"wp-block-cover__image-background wp-image-371 size-full\" alt=\"\" src=\"https:\/\/golfdecisionlab.com\/wp-content\/uploads\/2026\/03\/iStock-490099144.jpg\" data-object-fit=\"cover\" srcset=\"http:\/\/golfdecisionlab.com\/wp-content\/uploads\/2026\/03\/iStock-490099144.jpg 1254w, http:\/\/golfdecisionlab.com\/wp-content\/uploads\/2026\/03\/iStock-490099144-300x200.jpg 300w, http:\/\/golfdecisionlab.com\/wp-content\/uploads\/2026\/03\/iStock-490099144-1024x683.jpg 1024w, http:\/\/golfdecisionlab.com\/wp-content\/uploads\/2026\/03\/iStock-490099144-768x512.jpg 768w, http:\/\/golfdecisionlab.com\/wp-content\/uploads\/2026\/03\/iStock-490099144-18x12.jpg 18w\" sizes=\"(max-width: 1254px) 100vw, 1254px\" \/><span aria-hidden=\"true\" class=\"wp-block-cover__background has-background-dim\" style=\"background-color:#9ca69a\"><\/span><div class=\"wp-block-cover__inner-container is-layout-flow wp-block-cover-is-layout-flow\">\n<p class=\"has-text-align-center has-large-font-size\"><\/p>\n<\/div><\/div>\n\n\n\n<h2 class=\"wp-block-heading\">Commander le livre pour votre golf<\/h2>\n\n\n\n<p>Proposez \u00e0 vos joueurs un livre utile, concret et imm\u00e9diatement applicable sur le parcours.<\/p>\n\n\n\n<p><strong>\u201cPenser avant de swinguer\u201d<\/strong> est d\u00e9j\u00e0 devenu<br>\ud83d\udc49 <strong>#1 des ventes dans la cat\u00e9gorie Golf sur Amazon<\/strong><\/p>\n\n\n\n<div class=\"wp-block-buttons is-content-justification-left is-layout-flex wp-container-core-buttons-is-layout-fc4fd283 wp-block-buttons-is-layout-flex\">\n<div class=\"wp-block-button is-style-fill\"><a class=\"wp-block-button__link wp-element-button\" href=\"https:\/\/buy.stripe.com\/14A00iakb4PH1lifHj9Ve01\" target=\"_blank\" rel=\"noopener\">\ud83d\udc49 Commander 10 exemplaires<\/a><\/div>\n<\/div>\n\n\n\n<p>Apr\u00e8s plus de 15 ans d\u2019observation du jeu, ce livre propose une approche diff\u00e9rente :<\/p>\n\n\n\n<p>\ud83d\udc49 Moins de technique<br>\ud83d\udc49 Plus de compr\u00e9hension<br>\ud83d\udc49 Plus de d\u00e9cisions<\/p>\n\n\n\n<figure class=\"wp-block-image size-large\"><a href=\"https:\/\/www.amazon.fr\/Penser-avant-swinguer-Comprendre-d%C3%A9cider\/dp\/B0GQYWKP54\/ref=zg_bs_g_202412728031_d_sccl_6\/523-9016915-7332024?psc=1\" target=\"_blank\" rel=\"noopener\"><img decoding=\"async\" width=\"1024\" height=\"459\" src=\"http:\/\/golfdecisionlab.com\/wp-content\/uploads\/2026\/03\/banner-golf-decision-lab-livre-1024x459.png\" alt=\"Le livre num\u00e9ro 1 des ventes sur Amazon\" class=\"wp-image-363\" srcset=\"http:\/\/golfdecisionlab.com\/wp-content\/uploads\/2026\/03\/banner-golf-decision-lab-livre-1024x459.png 1024w, http:\/\/golfdecisionlab.com\/wp-content\/uploads\/2026\/03\/banner-golf-decision-lab-livre-300x135.png 300w, http:\/\/golfdecisionlab.com\/wp-content\/uploads\/2026\/03\/banner-golf-decision-lab-livre-768x345.png 768w, http:\/\/golfdecisionlab.com\/wp-content\/uploads\/2026\/03\/banner-golf-decision-lab-livre-18x8.png 18w, http:\/\/golfdecisionlab.com\/wp-content\/uploads\/2026\/03\/banner-golf-decision-lab-livre.png 1536w\" sizes=\"(max-width: 1024px) 100vw, 1024px\" \/><\/a><\/figure>\n\n\n\n<h2 class=\"wp-block-heading\">\u00c0 qui s\u2019adresse ce livre<\/h2>\n\n\n\n<p>Ce livre s\u2019adresse directement :<\/p>\n\n\n\n<ul class=\"wp-block-list\">\n<li>aux golfeurs amateurs<\/li>\n\n\n\n<li>aux \u00e9l\u00e8ves en cours individuels ou collectifs<\/li>\n\n\n\n<li>aux joueurs en recherche de progression r\u00e9elle<\/li>\n<\/ul>\n\n\n\n<p>C\u2019est un excellent support pour :<\/p>\n\n\n\n<ul class=\"wp-block-list\">\n<li>accompagner l\u2019enseignement<\/li>\n\n\n\n<li>prolonger les cours<\/li>\n\n\n\n<li>enrichir l\u2019exp\u00e9rience client du golf<\/li>\n<\/ul>\n\n\n\n<h2 class=\"wp-block-heading\">Offre r\u00e9serv\u00e9e aux golfs et pros<\/h2>\n\n\n\n<h3 class=\"wp-block-heading\">Pack de 10 exemplaires<\/h3>\n\n\n\n<ul class=\"wp-block-list\">\n<li>10 livres broch\u00e9s<\/li>\n\n\n\n<li>Livraison directe depuis la France<\/li>\n\n\n\n<li>Produit pr\u00eat \u00e0 vendre imm\u00e9diatement en proshop<\/li>\n<\/ul>\n\n\n\n<h2 class=\"wp-block-heading\">\ud83d\udcb0 Conditions<\/h2>\n\n\n\n<ul class=\"wp-block-list\">\n<li><strong>Prix du pack : 99,90 \u20ac<\/strong><\/li>\n\n\n\n<li>Prix public conseill\u00e9 : <strong>19,90 \u20ac \/ exemplaire<\/strong><\/li>\n\n\n\n<li>Marge potentielle pour le golf : <strong>\u2248 100 \u20ac par pack<\/strong><\/li>\n<\/ul>\n\n\n\n<p>\ud83d\udc49 Aucun risque : vous commandez uniquement ce dont vous avez besoin<\/p>\n\n\n\n<h2 class=\"wp-block-heading\">Pourquoi proposer ce livre \u00e0 vos joueurs<\/h2>\n\n\n\n<ul class=\"wp-block-list\">\n<li>Un contenu diff\u00e9rent des livres techniques classiques<\/li>\n\n\n\n<li>Une approche centr\u00e9e sur le jeu r\u00e9el<\/li>\n\n\n\n<li>Un outil p\u00e9dagogique compl\u00e9mentaire<\/li>\n\n\n\n<li>D\u00e9j\u00e0 valid\u00e9 par de nombreux lecteurs<\/li>\n<\/ul>\n\n\n\n<h3 class=\"wp-block-heading\">\ud83d\udcbc Concr\u00e8tement pour votre golf<\/h3>\n\n\n\n<ul class=\"wp-block-list\">\n<li>\u2714\ufe0f Produit facile \u00e0 vendre en proshop<\/li>\n\n\n\n<li>\u2714\ufe0f Prix accessible pour vos joueurs (19,90 \u20ac)<\/li>\n\n\n\n<li>\u2714\ufe0f Achat apr\u00e8s un parcours ou une le\u00e7on<\/li>\n\n\n\n<li>\u2714\ufe0f Aucun besoin de formation ou d\u2019explication<\/li>\n<\/ul>\n\n\n\n<p>\ud83d\udc49 <strong>Vous posez les livres, ils se vendent<\/strong><\/p>\n\n\n\n<h2 class=\"wp-block-heading\">T\u00e9moignage <\/h2>\n\n\n\n<p>D\u00e9j\u00e0 plus de <strong>100 exemplaires vendus<\/strong> depuis le lancement<br>et une dynamique positive aupr\u00e8s des golfeurs amateurs.<\/p>\n\n\n\n<h2 class=\"wp-block-heading\">\ud83d\udce6 Commande<\/h2>\n\n\n\n<p>Cliquez simplement sur le bouton ci-dessous pour commander votre pack :<\/p>\n\n\n\n<div class=\"wp-block-buttons alignwide is-content-justification-left is-layout-flex wp-container-core-buttons-is-layout-fc4fd283 wp-block-buttons-is-layout-flex\">\n<div class=\"wp-block-button\"><a class=\"wp-block-button__link wp-element-button\" href=\"https:\/\/buy.stripe.com\/14A00iakb4PH1lifHj9Ve01\" target=\"_blank\" rel=\"noopener\">\ud83d\udc49 Commander 10 exemplaires<\/a><\/div>\n<\/div>\n\n\n\n<h2 class=\"wp-block-heading\">Livraison<\/h2>\n\n\n\n<ul class=\"wp-block-list\">\n<li>Exp\u00e9dition sous quelques jours<\/li>\n\n\n\n<li>Livraison en France m\u00e9tropolitaine<\/li>\n\n\n\n<li>Pour toute demande sp\u00e9cifique, possibilit\u00e9 d\u2019\u00e9changer directement<\/li>\n<\/ul>\n\n\n\n<h2 class=\"wp-block-heading\">Contact<\/h2>\n\n\n\n<p>Pour toute question ou commande sp\u00e9cifique :<\/p>\n\n\n\n<p>\ud83d\udc49 <a>contact@golfdecisionlab.com<\/a><\/p>\n\n\n\n<p>Laurent Agostini<br>Fondateur de MyGolfMedia<br>Auteur de \u201cPenser avant de swinguer\u201d<\/p>\n\n\n\n<p><\/p>","protected":false},"excerpt":{"rendered":"<p>Commander le livre pour votre golf Proposez \u00e0 vos joueurs un livre utile, concret et imm\u00e9diatement applicable sur le parcours. [&hellip;]<\/p>\n","protected":false},"author":1,"featured_media":0,"parent":0,"menu_order":0,"comment_status":"closed","ping_status":"closed","template":"","meta":{"site-sidebar-layout":"default","site-content-layout":"","ast-site-content-layout":"default","site-content-style":"default","site-sidebar-style":"default","ast-global-header-display":"","ast-banner-title-visibility":"","ast-main-header-display":"","ast-hfb-above-header-display":"","ast-hfb-below-header-display":"","ast-hfb-mobile-header-display":"","site-post-title":"disabled","ast-breadcrumbs-content":"","ast-featured-img":"","footer-sml-layout":"","ast-disable-related-posts":"","theme-transparent-header-meta":"","adv-header-id-meta":"","stick-header-meta":"","header-above-stick-meta":"","header-main-stick-meta":"","header-below-stick-meta":"","astra-migrate-meta-layouts":"default","ast-page-background-enabled":"default","ast-page-background-meta":{"desktop":{"background-color":"var(--ast-global-color-5)","background-image":"","background-repeat":"repeat","background-position":"center center","background-size":"auto","background-attachment":"scroll","background-type":"","background-media":"","overlay-type":"","overlay-color":"","overlay-opacity":"","overlay-gradient":""},"tablet":{"background-color":"","background-image":"","background-repeat":"repeat","background-position":"center center","background-size":"auto","background-attachment":"scroll","background-type":"","background-media":"","overlay-type":"","overlay-color":"","overlay-opacity":"","overlay-gradient":""},"mobile":{"background-color":"","background-image":"","background-repeat":"repeat","background-position":"center center","background-size":"auto","background-attachment":"scroll","background-type":"","background-media":"","overlay-type":"","overlay-color":"","overlay-opacity":"","overlay-gradient":""}},"ast-content-background-meta":{"desktop":{"background-color":"var(--ast-global-color-4)","background-image":"","background-repeat":"repeat","background-position":"center center","background-size":"auto","background-attachment":"scroll","background-type":"","background-media":"","overlay-type":"","overlay-color":"","overlay-opacity":"","overlay-gradient":""},"tablet":{"background-color":"var(--ast-global-color-4)","background-image":"","background-repeat":"repeat","background-position":"center center","background-size":"auto","background-attachment":"scroll","background-type":"","background-media":"","overlay-type":"","overlay-color":"","overlay-opacity":"","overlay-gradient":""},"mobile":{"background-color":"var(--ast-global-color-4)","background-image":"","background-repeat":"repeat","background-position":"center center","background-size":"auto","background-attachment":"scroll","background-type":"","background-media":"","overlay-type":"","overlay-color":"","overlay-opacity":"","overlay-gradient":""}},"footnotes":""},"class_list":["post-362","page","type-page","status-publish","hentry"],"_links":{"self":[{"href":"http:\/\/golfdecisionlab.com\/en\/wp-json\/wp\/v2\/pages\/362","targetHints":{"allow":["GET"]}}],"collection":[{"href":"http:\/\/golfdecisionlab.com\/en\/wp-json\/wp\/v2\/pages"}],"about":[{"href":"http:\/\/golfdecisionlab.com\/en\/wp-json\/wp\/v2\/types\/page"}],"author":[{"embeddable":true,"href":"http:\/\/golfdecisionlab.com\/en\/wp-json\/wp\/v2\/users\/1"}],"replies":[{"embeddable":true,"href":"http:\/\/golfdecisionlab.com\/en\/wp-json\/wp\/v2\/comments?post=362"}],"version-history":[{"count":14,"href":"http:\/\/golfdecisionlab.com\/en\/wp-json\/wp\/v2\/pages\/362\/revisions"}],"predecessor-version":[{"id":386,"href":"http:\/\/golfdecisionlab.com\/en\/wp-json\/wp\/v2\/pages\/362\/revisions\/386"}],"wp:attachment":[{"href":"http:\/\/golfdecisionlab.com\/en\/wp-json\/wp\/v2\/media?parent=362"}],"curies":[{"name":"wp","href":"https:\/\/api.w.org\/{rel}","templated":true}]}}